{"id":131,"date":"2021-08-17T16:43:23","date_gmt":"2021-08-17T22:43:23","guid":{"rendered":"http:\/\/delpueblo40.com\/?page_id=131"},"modified":"2021-08-17T16:43:23","modified_gmt":"2021-08-17T22:43:23","slug":"taller","status":"publish","type":"page","link":"http:\/\/delpueblo40.com\/?page_id=131","title":{"rendered":"Taller"},"content":{"rendered":"\n<h4 class=\"wp-block-heading\">El taller, un servicio profesional<\/h4>\n\n\n\n<figure class=\"wp-block-image\"><img loading=\"lazy\" decoding=\"async\" width=\"1024\" height=\"768\" src=\"http:\/\/delpueblo40.com\/wp-content\/uploads\/2021\/08\/Taller-panorama-1024x768.jpg\" alt=\"\" class=\"wp-image-118\" srcset=\"http:\/\/delpueblo40.com\/wp-content\/uploads\/2021\/08\/Taller-panorama-1024x768.jpg 1024w, http:\/\/delpueblo40.com\/wp-content\/uploads\/2021\/08\/Taller-panorama-300x225.jpg 300w, http:\/\/delpueblo40.com\/wp-content\/uploads\/2021\/08\/Taller-panorama-768x576.jpg 768w, http:\/\/delpueblo40.com\/wp-content\/uploads\/2021\/08\/Taller-panorama-1536x1152.jpg 1536w, http:\/\/delpueblo40.com\/wp-content\/uploads\/2021\/08\/Taller-panorama.jpg 1600w\" sizes=\"auto, (max-width: 1024px) 100vw, 1024px\" \/><figcaption>Nuestro espacio de trabajo<\/figcaption><\/figure>\n\n\n\n<p><strong>TALLER DE CARPINTERIA DEL PUEBLO<\/strong>&nbsp;S. DE R.L. MI<br><em>Curr\u00edculum<\/em><\/p>\n\n\n\n<p>A partir del a\u00f1o de 1980 hasta el a\u00f1o 2021, el Taller de Carpinter\u00eda ha trabajado sin interrupci\u00f3n en el Dise\u00f1o y Fabricaci\u00f3n de muebles de madera y otros materiales para el p\u00fablico en general, as\u00ed como para empresas e instituciones p\u00fablicas diversas.<\/p>\n\n\n\n<p>Ejemplos:<br>1.- MUEBLERIA DEL PUEBLO Y OTRAS.<br>2.- HOTEL SICOMORO<br>3.-HOTEL PLAZA<br>4.-SEDESOL<br>5.-COFIASA<br>6.-CRIT<br>7.-ABITAT<br>8.-D.G.A. DESARROLLOS S.A. DE C.V.<br>9.-RUBA<br>10.-COPACHISA DE C.V. EN EDIFICIOS: E1, E2, E3, E4, E5, CHIHUAHUA Y E6, JUAREZ<br>11.-C.T.U.<br>12.-DEMEK S.A. DE C.V.<br>13.- ABADAN<br>14.- MUSEO SEMILLA<br>15.- MAQUILADORAS VARIAS<br>16.- QUINTAS CAROLINAS (REMODELACION)<br>17.- EQUIDNA<br>18.- HOTEL CENTRAL.<br>19.- OFICINAS AMERICAN INDUSTRIES<br>20.- D ALTA<br>21.- OFICINA CGMO<br>22.- RESIDENCIAS PARTICULARES<br>23.- EDIFICIOS DE OFICINAS, VIVIENDA Y COMERCIO<br>24.- ICHICULT<br>25.- TEMPLO SAN NICOLAS, CARRETAS.<br>26.- IGLESIA SAN CHARBEL<\/p>\n","protected":false},"excerpt":{"rendered":"<p>El taller, un servicio profesional TALLER DE CARPINTERIA DEL PUEBLO&nbsp;S. DE R.L. MICurr\u00edculum A partir del a\u00f1o de 1980 hasta el a\u00f1o 2021, el Taller de Carpinter\u00eda ha trabajado sin interrupci\u00f3n en el Dise\u00f1o y Fabricaci\u00f3n de muebles de madera y otros materiales para el p\u00fablico en general, as\u00ed como para empresas e instituciones p\u00fablicas [&hellip;]<\/p>\n","protected":false},"author":1,"featured_media":0,"parent":0,"menu_order":0,"comment_status":"closed","ping_status":"closed","template":"","meta":{"footnotes":""},"class_list":["post-131","page","type-page","status-publish","hentry"],"_links":{"self":[{"href":"http:\/\/delpueblo40.com\/index.php?rest_route=\/wp\/v2\/pages\/131","targetHints":{"allow":["GET"]}}],"collection":[{"href":"http:\/\/delpueblo40.com\/index.php?rest_route=\/wp\/v2\/pages"}],"about":[{"href":"http:\/\/delpueblo40.com\/index.php?rest_route=\/wp\/v2\/types\/page"}],"author":[{"embeddable":true,"href":"http:\/\/delpueblo40.com\/index.php?rest_route=\/wp\/v2\/users\/1"}],"replies":[{"embeddable":true,"href":"http:\/\/delpueblo40.com\/index.php?rest_route=%2Fwp%2Fv2%2Fcomments&post=131"}],"version-history":[{"count":2,"href":"http:\/\/delpueblo40.com\/index.php?rest_route=\/wp\/v2\/pages\/131\/revisions"}],"predecessor-version":[{"id":146,"href":"http:\/\/delpueblo40.com\/index.php?rest_route=\/wp\/v2\/pages\/131\/revisions\/146"}],"wp:attachment":[{"href":"http:\/\/delpueblo40.com\/index.php?rest_route=%2Fwp%2Fv2%2Fmedia&parent=131"}],"curies":[{"name":"wp","href":"https:\/\/api.w.org\/{rel}","templated":true}]}}